{"id":460,"date":"2023-09-19T13:52:27","date_gmt":"2023-09-19T16:52:27","guid":{"rendered":"https:\/\/jotakaele.com.br\/?post_type=product&#038;p=460"},"modified":"2023-09-27T14:46:44","modified_gmt":"2023-09-27T17:46:44","slug":"oculos-jamaica-ca-35-156","status":"publish","type":"product","link":"https:\/\/jotakaele.com.br\/index.php\/produto\/oculos-jamaica-ca-35-156\/","title":{"rendered":"\u00d3culos Jamaica Incolor"},"content":{"rendered":"\n<p class=\"has-black-color has-text-color has-small-font-size\"><strong>DESCRI\u00c7\u00c3O COMPLETA<\/strong><\/p>\n\n\n\n<p class=\"has-small-font-size\">\u00d3culos de Prote\u00e7\u00e3o da Kalipso Modelo Jamaica, lan\u00e7amento da marca. Com um visual arrojado e super confort\u00e1vel ele vem se destacando como \u00f3culos de seguran\u00e7a e possui muitas vantagens com um custo benef\u00edcio excelente.<\/p>\n\n\n\n<p class=\"has-black-color has-text-color has-small-font-size\"><strong>CA: 35.156<\/strong><br><\/p>\n\n\n\n<p class=\"has-black-color has-text-color has-small-font-size\"><strong>INDICA\u00c7\u00c3O<\/strong><\/p>\n\n\n\n<p class=\"has-small-font-size\">Protege em ambientes internos e externos, por contar com uma prote\u00e7\u00e3o de<strong>&nbsp;<\/strong>raios ultravioletas e infravermelhos. Proteger contra part\u00edculas volantes que podem tentar atingir a regi\u00e3o dos olhos do usu\u00e1rio que desempenha tarefas semelhantes ou iguais as praticadas em&nbsp;metal\u00fargicas, serralherias, polimentos de pe\u00e7as met\u00e1licas.<\/p>\n","protected":false},"excerpt":{"rendered":"<p>CA:^35.156<\/p>\n<p>\u00a0<\/p>\n","protected":false},"featured_media":925,"comment_status":"open","ping_status":"closed","template":"","meta":[],"product_brand":[],"product_cat":[27],"product_tag":[],"class_list":{"0":"post-460","1":"product","2":"type-product","3":"status-publish","4":"has-post-thumbnail","6":"product_cat-protecao-cabeca-e-face","8":"first","9":"instock","10":"shipping-taxable","11":"product-type-simple"},"_links":{"self":[{"href":"https:\/\/jotakaele.com.br\/index.php\/wp-json\/wp\/v2\/product\/460","targetHints":{"allow":["GET"]}}],"collection":[{"href":"https:\/\/jotakaele.com.br\/index.php\/wp-json\/wp\/v2\/product"}],"about":[{"href":"https:\/\/jotakaele.com.br\/index.php\/wp-json\/wp\/v2\/types\/product"}],"replies":[{"embeddable":true,"href":"https:\/\/jotakaele.com.br\/index.php\/wp-json\/wp\/v2\/comments?post=460"}],"wp:featuredmedia":[{"embeddable":true,"href":"https:\/\/jotakaele.com.br\/index.php\/wp-json\/wp\/v2\/media\/925"}],"wp:attachment":[{"href":"https:\/\/jotakaele.com.br\/index.php\/wp-json\/wp\/v2\/media?parent=460"}],"wp:term":[{"taxonomy":"product_brand","embeddable":true,"href":"https:\/\/jotakaele.com.br\/index.php\/wp-json\/wp\/v2\/product_brand?post=460"},{"taxonomy":"product_cat","embeddable":true,"href":"https:\/\/jotakaele.com.br\/index.php\/wp-json\/wp\/v2\/product_cat?post=460"},{"taxonomy":"product_tag","embeddable":true,"href":"https:\/\/jotakaele.com.br\/index.php\/wp-json\/wp\/v2\/product_tag?post=460"}],"curies":[{"name":"wp","href":"https:\/\/api.w.org\/{rel}","templated":true}]}}