{"id":458,"date":"2023-09-19T13:49:48","date_gmt":"2023-09-19T16:49:48","guid":{"rendered":"https:\/\/jotakaele.com.br\/?post_type=product&#038;p=458"},"modified":"2023-09-27T14:47:11","modified_gmt":"2023-09-27T17:47:11","slug":"oculos-kamaleon-ca-34-412","status":"publish","type":"product","link":"https:\/\/jotakaele.com.br\/index.php\/produto\/oculos-kamaleon-ca-34-412\/","title":{"rendered":"\u00d3culos de Prote\u00e7\u00e3o Kamaleon Incolor"},"content":{"rendered":"\n<p class=\"has-black-color has-text-color has-small-font-size\"><strong>DESCRI\u00c7\u00c3O COMPLETA<\/strong><\/p>\n\n\n\n<p class=\"has-small-font-size\">\u00d3c<span style=\"font-family: var(--wp--preset--font-family--system-font)\">ulos de seguran\u00e7a constitu\u00eddos de um arco de material pl\u00e1stico preto com um pino central e uma fenda em cada extremidade utilizada para o encaixe de visor de policarbonato.<\/span> <\/p>\n\n\n\n<p class=\"has-black-color has-text-color has-small-font-size\"><strong>CA: 34.412<\/strong><\/p>\n\n\n\n<p class=\"has-black-color has-text-color has-small-font-size\"><strong>INDICA\u00c7\u00c3O<\/strong> <\/p>\n\n\n\n<p class=\"has-small-font-size\">Indicado&nbsp;para prote\u00e7\u00e3o dos olhos e do usu\u00e1rio contra impacto de pel\u00edculas volantes. Utilizado em montadora,&nbsp;funilaria, auto mec\u00e2nico, fundi\u00e7\u00e3o, serralheiras,&nbsp;marcenaria, limpeza, log\u00edstica, transportes, constru\u00e7\u00e3o civil, agricultura,&nbsp;petroqu\u00edmica, aeroportos, servi\u00e7os de eletricidade, entre outros.<\/p>\n","protected":false},"excerpt":{"rendered":"<p>CA: 34.412<\/p>\n","protected":false},"featured_media":926,"comment_status":"open","ping_status":"closed","template":"","meta":[],"product_brand":[],"product_cat":[27],"product_tag":[],"class_list":{"0":"post-458","1":"product","2":"type-product","3":"status-publish","4":"has-post-thumbnail","6":"product_cat-protecao-cabeca-e-face","8":"first","9":"instock","10":"shipping-taxable","11":"product-type-simple"},"_links":{"self":[{"href":"https:\/\/jotakaele.com.br\/index.php\/wp-json\/wp\/v2\/product\/458","targetHints":{"allow":["GET"]}}],"collection":[{"href":"https:\/\/jotakaele.com.br\/index.php\/wp-json\/wp\/v2\/product"}],"about":[{"href":"https:\/\/jotakaele.com.br\/index.php\/wp-json\/wp\/v2\/types\/product"}],"replies":[{"embeddable":true,"href":"https:\/\/jotakaele.com.br\/index.php\/wp-json\/wp\/v2\/comments?post=458"}],"wp:featuredmedia":[{"embeddable":true,"href":"https:\/\/jotakaele.com.br\/index.php\/wp-json\/wp\/v2\/media\/926"}],"wp:attachment":[{"href":"https:\/\/jotakaele.com.br\/index.php\/wp-json\/wp\/v2\/media?parent=458"}],"wp:term":[{"taxonomy":"product_brand","embeddable":true,"href":"https:\/\/jotakaele.com.br\/index.php\/wp-json\/wp\/v2\/product_brand?post=458"},{"taxonomy":"product_cat","embeddable":true,"href":"https:\/\/jotakaele.com.br\/index.php\/wp-json\/wp\/v2\/product_cat?post=458"},{"taxonomy":"product_tag","embeddable":true,"href":"https:\/\/jotakaele.com.br\/index.php\/wp-json\/wp\/v2\/product_tag?post=458"}],"curies":[{"name":"wp","href":"https:\/\/api.w.org\/{rel}","templated":true}]}}