{"id":456,"date":"2023-09-19T13:48:53","date_gmt":"2023-09-19T16:48:53","guid":{"rendered":"https:\/\/jotakaele.com.br\/?post_type=product&#038;p=456"},"modified":"2023-09-27T14:47:37","modified_gmt":"2023-09-27T17:47:37","slug":"oculos-veneza-ca-35-157","status":"publish","type":"product","link":"https:\/\/jotakaele.com.br\/index.php\/produto\/oculos-veneza-ca-35-157\/","title":{"rendered":"\u00d3culos de Prote\u00e7\u00e3o Cinza Veneza"},"content":{"rendered":"\n<p class=\"has-black-color has-text-color has-small-font-size\"><strong>DESCRI\u00c7\u00c3O COMPLETA<\/strong><\/p>\n\n\n\n<p class=\"has-small-font-size\">\u00d3culos de seguran\u00e7a constitu\u00eddos de arco de material pl\u00e1stico (n\u00e1ilon) na cor azul dividido em duas partes pela ponte, duas presilhas centrais, canaletas e fendas para encaixe do visor confeccionado em policarbonato.<\/p>\n\n\n\n<p class=\"has-black-color has-text-color has-small-font-size\"><strong>CA: 35.157<\/strong><br><\/p>\n\n\n\n<p class=\"has-black-color has-text-color has-small-font-size\"><strong>INDICA\u00c7\u00c3O<\/strong><\/p>\n\n\n\n<p class=\"has-small-font-size\">Indicado para prote\u00e7\u00e3o dos olhos do usu\u00e1rio contra impactos de part\u00edculas volantes . Visores cinza cinza AF marrom e azul espelhado possuem prote\u00e7\u00e3o contra raios ultravioleta (U6) e Luz Intensa (L2.5).<\/p>\n","protected":false},"excerpt":{"rendered":"<p>CA: 35.157<\/p>\n","protected":false},"featured_media":927,"comment_status":"open","ping_status":"closed","template":"","meta":[],"product_brand":[],"product_cat":[27],"product_tag":[],"class_list":{"0":"post-456","1":"product","2":"type-product","3":"status-publish","4":"has-post-thumbnail","6":"product_cat-protecao-cabeca-e-face","8":"first","9":"instock","10":"shipping-taxable","11":"product-type-simple"},"_links":{"self":[{"href":"https:\/\/jotakaele.com.br\/index.php\/wp-json\/wp\/v2\/product\/456","targetHints":{"allow":["GET"]}}],"collection":[{"href":"https:\/\/jotakaele.com.br\/index.php\/wp-json\/wp\/v2\/product"}],"about":[{"href":"https:\/\/jotakaele.com.br\/index.php\/wp-json\/wp\/v2\/types\/product"}],"replies":[{"embeddable":true,"href":"https:\/\/jotakaele.com.br\/index.php\/wp-json\/wp\/v2\/comments?post=456"}],"wp:featuredmedia":[{"embeddable":true,"href":"https:\/\/jotakaele.com.br\/index.php\/wp-json\/wp\/v2\/media\/927"}],"wp:attachment":[{"href":"https:\/\/jotakaele.com.br\/index.php\/wp-json\/wp\/v2\/media?parent=456"}],"wp:term":[{"taxonomy":"product_brand","embeddable":true,"href":"https:\/\/jotakaele.com.br\/index.php\/wp-json\/wp\/v2\/product_brand?post=456"},{"taxonomy":"product_cat","embeddable":true,"href":"https:\/\/jotakaele.com.br\/index.php\/wp-json\/wp\/v2\/product_cat?post=456"},{"taxonomy":"product_tag","embeddable":true,"href":"https:\/\/jotakaele.com.br\/index.php\/wp-json\/wp\/v2\/product_tag?post=456"}],"curies":[{"name":"wp","href":"https:\/\/api.w.org\/{rel}","templated":true}]}}