{"id":447,"date":"2023-09-19T13:35:30","date_gmt":"2023-09-19T16:35:30","guid":{"rendered":"https:\/\/jotakaele.com.br\/?post_type=product&#038;p=447"},"modified":"2023-09-27T14:50:34","modified_gmt":"2023-09-27T17:50:34","slug":"oculos-jaguar-ca-10-346","status":"publish","type":"product","link":"https:\/\/jotakaele.com.br\/index.php\/produto\/oculos-jaguar-ca-10-346\/","title":{"rendered":"\u00d3culos Jaguar"},"content":{"rendered":"\n<p class=\"has-black-color has-text-color has-small-font-size\"><strong>DESCRI\u00c7\u00c3O COMPLETA<\/strong><\/p>\n\n\n\n<p class=\"has-small-font-size\"><span style=\"font-family: var(--wp--preset--font-family--system-font)\">\u00d3culos de seguran\u00e7a constitu\u00eddos de arco de material pl\u00e1stico preto (n\u00e1ilon) com meia-prote\u00e7\u00e3o nas bordas, um pino central e duas fendas nas extremidades da arma\u00e7\u00e3o utilizadas para o encaixe de visor confeccionado em policarbonato.<\/span> <\/p>\n\n\n\n<p class=\"has-black-color has-text-color has-small-font-size\"><strong>CA: 10.346<\/strong><\/p>\n","protected":false},"excerpt":{"rendered":"<p>DESCRI\u00c7\u00c3O COMPLETA \u00d3culos de seguran\u00e7a constitu\u00eddos de arco de material pl\u00e1stico preto (n\u00e1ilon) com meia-prote\u00e7\u00e3o nas bordas, um pino central e duas fendas nas extremidades da arma\u00e7\u00e3o utilizadas para o encaixe de visor confeccionado em policarbonato. CA: 10.346<\/p>\n","protected":false},"featured_media":936,"comment_status":"open","ping_status":"closed","template":"","meta":[],"product_brand":[],"product_cat":[27],"product_tag":[],"class_list":{"0":"post-447","1":"product","2":"type-product","3":"status-publish","4":"has-post-thumbnail","6":"product_cat-protecao-cabeca-e-face","8":"first","9":"instock","10":"shipping-taxable","11":"product-type-simple"},"_links":{"self":[{"href":"https:\/\/jotakaele.com.br\/index.php\/wp-json\/wp\/v2\/product\/447","targetHints":{"allow":["GET"]}}],"collection":[{"href":"https:\/\/jotakaele.com.br\/index.php\/wp-json\/wp\/v2\/product"}],"about":[{"href":"https:\/\/jotakaele.com.br\/index.php\/wp-json\/wp\/v2\/types\/product"}],"replies":[{"embeddable":true,"href":"https:\/\/jotakaele.com.br\/index.php\/wp-json\/wp\/v2\/comments?post=447"}],"wp:featuredmedia":[{"embeddable":true,"href":"https:\/\/jotakaele.com.br\/index.php\/wp-json\/wp\/v2\/media\/936"}],"wp:attachment":[{"href":"https:\/\/jotakaele.com.br\/index.php\/wp-json\/wp\/v2\/media?parent=447"}],"wp:term":[{"taxonomy":"product_brand","embeddable":true,"href":"https:\/\/jotakaele.com.br\/index.php\/wp-json\/wp\/v2\/product_brand?post=447"},{"taxonomy":"product_cat","embeddable":true,"href":"https:\/\/jotakaele.com.br\/index.php\/wp-json\/wp\/v2\/product_cat?post=447"},{"taxonomy":"product_tag","embeddable":true,"href":"https:\/\/jotakaele.com.br\/index.php\/wp-json\/wp\/v2\/product_tag?post=447"}],"curies":[{"name":"wp","href":"https:\/\/api.w.org\/{rel}","templated":true}]}}