{"id":414,"date":"2023-09-18T17:47:56","date_gmt":"2023-09-18T20:47:56","guid":{"rendered":"https:\/\/jotakaele.com.br\/?post_type=product&#038;p=414"},"modified":"2023-09-27T14:57:33","modified_gmt":"2023-09-27T17:57:33","slug":"luva-impact-plus-ca-45-572","status":"publish","type":"product","link":"https:\/\/jotakaele.com.br\/index.php\/produto\/luva-impact-plus-ca-45-572\/","title":{"rendered":"Luva Impact Plus Para Impacto e Corte"},"content":{"rendered":"\n<p class=\"has-black-color has-text-color has-small-font-size\"><strong>DESCRI\u00c7\u00c3O COMPLETA<\/strong><\/p>\n\n\n\n<p class=\"has-small-font-size\">Luva para Impacto e Anticorte Impact Plus da Kalipso \u00e9 um equipamento de prote\u00e7\u00e3o essencial para diversos segmentos industriais, como log\u00edstica, coleta de lixo, \u00f3leo e g\u00e1s, constru\u00e7\u00e3o civil, metal mec\u00e2nico e vidro.&nbsp;Essa luva oferece uma combina\u00e7\u00e3o poderosa de prote\u00e7\u00e3o contra impactos e corte, garantindo a seguran\u00e7a das m\u00e3os em ambientes de trabalho desafiadores.<\/p>\n\n\n\n<p class=\"has-black-color has-text-color has-small-font-size\"><strong>CA: 45. 572<\/strong><\/p>\n\n\n\n<p class=\"has-black-color has-text-color has-small-font-size\"><strong>ESPECIFICA\u00c7\u00d5ES T\u00c9CNICAS<\/strong><\/p>\n\n\n\n<ul class=\"wp-block-list\">\n<li class=\"has-small-font-size\">Material: Polietileno de alta densidade (HPPE)<\/li>\n\n\n\n<li class=\"has-small-font-size\">Revestimento: L\u00e1tex natural corrugado na palma, face palmar dos dedos e extremidade dos dedos<\/li>\n\n\n\n<li class=\"has-small-font-size\">Dorso: Gomos em borracha termopl\u00e1stica<\/li>\n\n\n\n<li class=\"has-small-font-size\">Punho: Polietileno e elastano com acabamento em overloque<\/li>\n\n\n\n<li class=\"has-small-font-size\">Resist\u00eancia t\u00e9rmica: 250\u00b0C<\/li>\n\n\n\n<li class=\"has-small-font-size\">Certifica\u00e7\u00e3o: CA &#8211; 45752<\/li>\n<\/ul>\n\n\n\n<p class=\"has-black-color has-text-color has-small-font-size\"><strong>CARACTER\u00cdSTICAS E BENEF\u00cdCIOS <\/strong><\/p>\n\n\n\n<p class=\"has-small-font-size\">A Luva Impact Plus apresenta caracter\u00edsticas instrutivas que garantem a seguran\u00e7a e o desempenho durante as atividades laborais.&nbsp;O material de polietileno de alta densidade oferece um excelente desempenho contra cortes, inclusive em materiais como fibra de vidro.&nbsp;O revestimento em l\u00e1tex natural corrugado proporciona uma ader\u00eancia superior em superf\u00edcies lisas, oferecendo maior controle e precis\u00e3o nos trabalhos.&nbsp;Al\u00e9m disso, essa luva possui prote\u00e7\u00e3o contra impactos, evitando les\u00f5es causadas por choques ou pancadas.&nbsp;Com resist\u00eancia t\u00e9rmica de at\u00e9 250\u00b0C, ela \u00e9 adequada para ambientes com altas temperaturas.<\/p>\n","protected":false},"excerpt":{"rendered":"<p>CA: 45. 572<\/p>\n","protected":false},"featured_media":947,"comment_status":"open","ping_status":"closed","template":"","meta":[],"product_brand":[],"product_cat":[18],"product_tag":[],"class_list":{"0":"post-414","1":"product","2":"type-product","3":"status-publish","4":"has-post-thumbnail","6":"product_cat-protecao-para-maos","8":"first","9":"instock","10":"shipping-taxable","11":"product-type-simple"},"_links":{"self":[{"href":"https:\/\/jotakaele.com.br\/index.php\/wp-json\/wp\/v2\/product\/414","targetHints":{"allow":["GET"]}}],"collection":[{"href":"https:\/\/jotakaele.com.br\/index.php\/wp-json\/wp\/v2\/product"}],"about":[{"href":"https:\/\/jotakaele.com.br\/index.php\/wp-json\/wp\/v2\/types\/product"}],"replies":[{"embeddable":true,"href":"https:\/\/jotakaele.com.br\/index.php\/wp-json\/wp\/v2\/comments?post=414"}],"wp:featuredmedia":[{"embeddable":true,"href":"https:\/\/jotakaele.com.br\/index.php\/wp-json\/wp\/v2\/media\/947"}],"wp:attachment":[{"href":"https:\/\/jotakaele.com.br\/index.php\/wp-json\/wp\/v2\/media?parent=414"}],"wp:term":[{"taxonomy":"product_brand","embeddable":true,"href":"https:\/\/jotakaele.com.br\/index.php\/wp-json\/wp\/v2\/product_brand?post=414"},{"taxonomy":"product_cat","embeddable":true,"href":"https:\/\/jotakaele.com.br\/index.php\/wp-json\/wp\/v2\/product_cat?post=414"},{"taxonomy":"product_tag","embeddable":true,"href":"https:\/\/jotakaele.com.br\/index.php\/wp-json\/wp\/v2\/product_tag?post=414"}],"curies":[{"name":"wp","href":"https:\/\/api.w.org\/{rel}","templated":true}]}}