{"id":412,"date":"2023-09-18T17:46:23","date_gmt":"2023-09-18T20:46:23","guid":{"rendered":"https:\/\/jotakaele.com.br\/?post_type=product&#038;p=412"},"modified":"2023-09-27T14:54:00","modified_gmt":"2023-09-27T17:54:00","slug":"luva-amarela-latex-ca-38-090","status":"publish","type":"product","link":"https:\/\/jotakaele.com.br\/index.php\/produto\/luva-amarela-latex-ca-38-090\/","title":{"rendered":"Luva Latex Natural Amarela"},"content":{"rendered":"\n<p class=\"has-black-color has-text-color has-small-font-size\"><strong>DESCRI\u00c7\u00c3O COMPLETA<\/strong><\/p>\n\n\n\n<p class=\"has-small-font-size\">Luva de seguran\u00e7a confeccionada em l\u00e1tex natural, forrada internamente com flocos de algod\u00e3o, acabamento antiderrapante na palma, face palmar dos dedos, extremidade dos dedos e parte do punho, acabamento do punho em virola.<\/p>\n\n\n\n<p class=\"has-black-color has-text-color has-small-font-size\"><strong>CA: 38.080<\/strong><\/p>\n\n\n\n<p class=\"has-black-color has-text-color has-small-font-size\"><strong>INDICA\u00c7\u00c3O<\/strong><\/p>\n\n\n\n<p class=\"has-small-font-size\">Esta luva se destina a diversas atividades profissionais que requer do usu\u00e1rio prote\u00e7\u00e3o contra agentes mec\u00e2nicos e qu\u00edmicos. Para o manuseio de produtos qu\u00edmicos consulte um profissional de Seguran\u00e7a do Trabalho.<\/p>\n\n\n\n<p class=\"has-black-color has-text-color has-small-font-size\"><strong>INSTRU\u00c7\u00d5ES DE USO<\/strong><\/p>\n\n\n\n<div class=\"wp-block-group is-layout-constrained wp-block-group-is-layout-constrained\">\n<ul class=\"wp-block-list\">\n<li class=\"has-small-font-size\">Verifique sempre os riscos da atividade a ser desenvolvida;<\/li>\n\n\n\n<li class=\"has-small-font-size\">Para sua seguran\u00e7a, n\u00e3o fa\u00e7a uso de nenhum tipo de adorno;<\/li>\n\n\n\n<li class=\"has-small-font-size\">Para melhor desempenho do produto, evite o uso com as unhas compridas;<\/li>\n\n\n\n<li class=\"has-small-font-size\">Antes de cal\u00e7\u00e1-las, lave e seque bem as m\u00e3os;<\/li>\n\n\n\n<li class=\"has-small-font-size\">Fa\u00e7a o ajuste correto das luvas aos dedos, m\u00e3os e punhos;<\/li>\n\n\n\n<li class=\"has-small-font-size\">Substitua imediatamente a luva, quando apresentar danos;<\/li>\n\n\n\n<li class=\"has-small-font-size\">Escolha a luva correta para cada atividade a ser desempenhada.<\/li>\n\n\n\n<li class=\"has-small-font-size\">Para manuseio de produtos qu\u00edmicos, verifique a resist\u00eancia qu\u00edmica da luva e recomenda-se sempre consultar um profissional de Seguran\u00e7a do Trabalho.<\/li>\n<\/ul>\n<\/div>\n","protected":false},"excerpt":{"rendered":"<p>CA: 38.080<\/p>\n","protected":false},"featured_media":948,"comment_status":"open","ping_status":"closed","template":"","meta":[],"product_brand":[],"product_cat":[18],"product_tag":[],"class_list":{"0":"post-412","1":"product","2":"type-product","3":"status-publish","4":"has-post-thumbnail","6":"product_cat-protecao-para-maos","8":"first","9":"instock","10":"shipping-taxable","11":"product-type-simple"},"_links":{"self":[{"href":"https:\/\/jotakaele.com.br\/index.php\/wp-json\/wp\/v2\/product\/412","targetHints":{"allow":["GET"]}}],"collection":[{"href":"https:\/\/jotakaele.com.br\/index.php\/wp-json\/wp\/v2\/product"}],"about":[{"href":"https:\/\/jotakaele.com.br\/index.php\/wp-json\/wp\/v2\/types\/product"}],"replies":[{"embeddable":true,"href":"https:\/\/jotakaele.com.br\/index.php\/wp-json\/wp\/v2\/comments?post=412"}],"wp:featuredmedia":[{"embeddable":true,"href":"https:\/\/jotakaele.com.br\/index.php\/wp-json\/wp\/v2\/media\/948"}],"wp:attachment":[{"href":"https:\/\/jotakaele.com.br\/index.php\/wp-json\/wp\/v2\/media?parent=412"}],"wp:term":[{"taxonomy":"product_brand","embeddable":true,"href":"https:\/\/jotakaele.com.br\/index.php\/wp-json\/wp\/v2\/product_brand?post=412"},{"taxonomy":"product_cat","embeddable":true,"href":"https:\/\/jotakaele.com.br\/index.php\/wp-json\/wp\/v2\/product_cat?post=412"},{"taxonomy":"product_tag","embeddable":true,"href":"https:\/\/jotakaele.com.br\/index.php\/wp-json\/wp\/v2\/product_tag?post=412"}],"curies":[{"name":"wp","href":"https:\/\/api.w.org\/{rel}","templated":true}]}}