{"id":405,"date":"2023-09-18T17:35:46","date_gmt":"2023-09-18T20:35:46","guid":{"rendered":"https:\/\/jotakaele.com.br\/?post_type=product&#038;p=405"},"modified":"2023-09-27T14:54:16","modified_gmt":"2023-09-27T17:54:16","slug":"luva-de-raspa-ca-10-367","status":"publish","type":"product","link":"https:\/\/jotakaele.com.br\/index.php\/produto\/luva-de-raspa-ca-10-367\/","title":{"rendered":"Luva de Raspa Punho com Refor\u00e7o Total"},"content":{"rendered":"\n<p class=\"has-black-color has-text-color has-small-font-size\"><strong>DESCRI\u00c7\u00c3O COMPLETA<\/strong><\/p>\n\n\n\n<p class=\"has-small-font-size\">Confeccionada em raspa de couro, proporcionando maior prote\u00e7\u00e3o e seguran\u00e7a. Conta com refor\u00e7o interno, na palma e dedos, conferindo maior resist\u00eancia \u00e0 abras\u00e3o.<\/p>\n\n\n\n<p class=\"has-black-color has-text-color has-small-font-size\"><strong>CA: 10.367<br><\/strong><\/p>\n\n\n\n<p class=\"has-black-color has-text-color has-small-font-size\"><strong>INDICA\u00c7\u00c3O<\/strong><\/p>\n\n\n\n<p class=\"has-small-font-size\">Indicada para a prote\u00e7\u00e3o das m\u00e3os contra agentes abrasivos, escoriantes, cortantes e perfurantes. Muito utilizada na constru\u00e7\u00e3o civil.<\/p>\n\n\n\n<p><\/p>\n","protected":false},"excerpt":{"rendered":"<p>CA: 10.367<\/p>\n","protected":false},"featured_media":949,"comment_status":"open","ping_status":"closed","template":"","meta":[],"product_brand":[],"product_cat":[18],"product_tag":[],"class_list":{"0":"post-405","1":"product","2":"type-product","3":"status-publish","4":"has-post-thumbnail","6":"product_cat-protecao-para-maos","8":"first","9":"instock","10":"shipping-taxable","11":"product-type-simple"},"_links":{"self":[{"href":"https:\/\/jotakaele.com.br\/index.php\/wp-json\/wp\/v2\/product\/405","targetHints":{"allow":["GET"]}}],"collection":[{"href":"https:\/\/jotakaele.com.br\/index.php\/wp-json\/wp\/v2\/product"}],"about":[{"href":"https:\/\/jotakaele.com.br\/index.php\/wp-json\/wp\/v2\/types\/product"}],"replies":[{"embeddable":true,"href":"https:\/\/jotakaele.com.br\/index.php\/wp-json\/wp\/v2\/comments?post=405"}],"wp:featuredmedia":[{"embeddable":true,"href":"https:\/\/jotakaele.com.br\/index.php\/wp-json\/wp\/v2\/media\/949"}],"wp:attachment":[{"href":"https:\/\/jotakaele.com.br\/index.php\/wp-json\/wp\/v2\/media?parent=405"}],"wp:term":[{"taxonomy":"product_brand","embeddable":true,"href":"https:\/\/jotakaele.com.br\/index.php\/wp-json\/wp\/v2\/product_brand?post=405"},{"taxonomy":"product_cat","embeddable":true,"href":"https:\/\/jotakaele.com.br\/index.php\/wp-json\/wp\/v2\/product_cat?post=405"},{"taxonomy":"product_tag","embeddable":true,"href":"https:\/\/jotakaele.com.br\/index.php\/wp-json\/wp\/v2\/product_tag?post=405"}],"curies":[{"name":"wp","href":"https:\/\/api.w.org\/{rel}","templated":true}]}}