{"id":403,"date":"2023-09-18T17:33:02","date_gmt":"2023-09-18T20:33:02","guid":{"rendered":"https:\/\/jotakaele.com.br\/?post_type=product&#038;p=403"},"modified":"2023-09-27T14:54:33","modified_gmt":"2023-09-27T17:54:33","slug":"luva-de-vaqueta-ca-16-270","status":"publish","type":"product","link":"https:\/\/jotakaele.com.br\/index.php\/produto\/luva-de-vaqueta-ca-16-270\/","title":{"rendered":"Luva de Vaqueta Petroleira"},"content":{"rendered":"\n<p class=\"has-black-color has-text-color has-small-font-size\"><strong>DESCRI\u00c7\u00c3O COMPLETA<\/strong><\/p>\n\n\n\n<p class=\"has-small-font-size\">Luva de seguran\u00e7a confeccionada em vaqueta natural curtida ao cromo. Modelo com refor\u00e7o palmar interno, tipo petroleira, com el\u00e1stico embutido no dorso, acabamento em vi\u00e9s verde, costurada com linha de nylon.<\/p>\n\n\n\n<p class=\"has-black-color has-text-color has-small-font-size\"><strong>CA: 16.270<br><\/strong><\/p>\n\n\n\n<p class=\"has-black-color has-text-color has-small-font-size\"><strong>INDICA\u00c7\u00c3O <\/strong><\/p>\n\n\n\n<p class=\"has-small-font-size\">Indicada para prote\u00e7\u00e3o das m\u00e3os contra agentes abrasivos e escoriantes.<\/p>\n","protected":false},"excerpt":{"rendered":"<p>CA: 16.270<\/p>\n","protected":false},"featured_media":950,"comment_status":"open","ping_status":"closed","template":"","meta":[],"product_brand":[],"product_cat":[18],"product_tag":[],"class_list":{"0":"post-403","1":"product","2":"type-product","3":"status-publish","4":"has-post-thumbnail","6":"product_cat-protecao-para-maos","8":"first","9":"instock","10":"shipping-taxable","11":"product-type-simple"},"_links":{"self":[{"href":"https:\/\/jotakaele.com.br\/index.php\/wp-json\/wp\/v2\/product\/403","targetHints":{"allow":["GET"]}}],"collection":[{"href":"https:\/\/jotakaele.com.br\/index.php\/wp-json\/wp\/v2\/product"}],"about":[{"href":"https:\/\/jotakaele.com.br\/index.php\/wp-json\/wp\/v2\/types\/product"}],"replies":[{"embeddable":true,"href":"https:\/\/jotakaele.com.br\/index.php\/wp-json\/wp\/v2\/comments?post=403"}],"wp:featuredmedia":[{"embeddable":true,"href":"https:\/\/jotakaele.com.br\/index.php\/wp-json\/wp\/v2\/media\/950"}],"wp:attachment":[{"href":"https:\/\/jotakaele.com.br\/index.php\/wp-json\/wp\/v2\/media?parent=403"}],"wp:term":[{"taxonomy":"product_brand","embeddable":true,"href":"https:\/\/jotakaele.com.br\/index.php\/wp-json\/wp\/v2\/product_brand?post=403"},{"taxonomy":"product_cat","embeddable":true,"href":"https:\/\/jotakaele.com.br\/index.php\/wp-json\/wp\/v2\/product_cat?post=403"},{"taxonomy":"product_tag","embeddable":true,"href":"https:\/\/jotakaele.com.br\/index.php\/wp-json\/wp\/v2\/product_tag?post=403"}],"curies":[{"name":"wp","href":"https:\/\/api.w.org\/{rel}","templated":true}]}}