{"id":402,"date":"2023-09-18T17:31:12","date_gmt":"2023-09-18T20:31:12","guid":{"rendered":"https:\/\/jotakaele.com.br\/?post_type=product&#038;p=402"},"modified":"2023-09-27T14:58:00","modified_gmt":"2023-09-27T17:58:00","slug":"luva-sonora-ca-34-456","status":"publish","type":"product","link":"https:\/\/jotakaele.com.br\/index.php\/produto\/luva-sonora-ca-34-456\/","title":{"rendered":"Luva Anti Corte Sonora"},"content":{"rendered":"\n<p class=\"has-black-color has-text-color has-small-font-size\"><strong>DESCRI\u00c7\u00c3O COMPLETA<\/strong><\/p>\n\n\n\n<p class=\"has-small-font-size\">Luva de seguran\u00e7a confeccionado em polietileno de alta densidade e fios de fibra de vidro, com revestimento duplo em borracha nitr\u00edlica na face palmar e extremidade dos dedos. Punho em polietileno e elastano, com acabamento em overloque.<\/p>\n\n\n\n<p class=\"has-black-color has-text-color has-small-font-size\"><strong>CA: 34.456<br><\/strong><\/p>\n\n\n\n<p class=\"has-black-color has-text-color has-small-font-size\"><strong>INDICA\u00c7\u00c3O<\/strong><\/p>\n\n\n\n<p class=\"has-small-font-size\">Esta luva se destina a diversas atividades profissionais que requer do usu\u00e1rio prote\u00e7\u00e3o contra os riscos mec\u00e2nicos e t\u00e9rmicos.<\/p>\n\n\n\n<p class=\"has-black-color has-text-color has-small-font-size\"><strong>CARACTER\u00cdSTICAS<\/strong><\/p>\n\n\n\n<p class=\"has-small-font-size\"><br>Sensibilidade t\u00e1til;<br>Antiest\u00e1tica;<br>Palma antiderrapante;<br>Respirabilidade \/ conforto t\u00e9rmico;<br>Livre de l\u00e1tex natural;<br>Alta performance;<br>Duplo banho nitr\u00edlico;<br>Excelente resist\u00eancia mec\u00e2nica;<br>Design anat\u00f4mico que reduz a fadiga muscular.<\/p>\n","protected":false},"excerpt":{"rendered":"<p>CA: 34.456<\/p>\n","protected":false},"featured_media":951,"comment_status":"open","ping_status":"closed","template":"","meta":[],"product_brand":[],"product_cat":[18],"product_tag":[],"class_list":{"0":"post-402","1":"product","2":"type-product","3":"status-publish","4":"has-post-thumbnail","6":"product_cat-protecao-para-maos","8":"first","9":"instock","10":"shipping-taxable","11":"product-type-simple"},"_links":{"self":[{"href":"https:\/\/jotakaele.com.br\/index.php\/wp-json\/wp\/v2\/product\/402","targetHints":{"allow":["GET"]}}],"collection":[{"href":"https:\/\/jotakaele.com.br\/index.php\/wp-json\/wp\/v2\/product"}],"about":[{"href":"https:\/\/jotakaele.com.br\/index.php\/wp-json\/wp\/v2\/types\/product"}],"replies":[{"embeddable":true,"href":"https:\/\/jotakaele.com.br\/index.php\/wp-json\/wp\/v2\/comments?post=402"}],"wp:featuredmedia":[{"embeddable":true,"href":"https:\/\/jotakaele.com.br\/index.php\/wp-json\/wp\/v2\/media\/951"}],"wp:attachment":[{"href":"https:\/\/jotakaele.com.br\/index.php\/wp-json\/wp\/v2\/media?parent=402"}],"wp:term":[{"taxonomy":"product_brand","embeddable":true,"href":"https:\/\/jotakaele.com.br\/index.php\/wp-json\/wp\/v2\/product_brand?post=402"},{"taxonomy":"product_cat","embeddable":true,"href":"https:\/\/jotakaele.com.br\/index.php\/wp-json\/wp\/v2\/product_cat?post=402"},{"taxonomy":"product_tag","embeddable":true,"href":"https:\/\/jotakaele.com.br\/index.php\/wp-json\/wp\/v2\/product_tag?post=402"}],"curies":[{"name":"wp","href":"https:\/\/api.w.org\/{rel}","templated":true}]}}