{"id":393,"date":"2023-09-18T17:16:10","date_gmt":"2023-09-18T20:16:10","guid":{"rendered":"https:\/\/jotakaele.com.br\/?post_type=product&#038;p=393"},"modified":"2023-09-27T14:55:03","modified_gmt":"2023-09-27T17:55:03","slug":"luva-nbr-pro-ca-45-128","status":"publish","type":"product","link":"https:\/\/jotakaele.com.br\/index.php\/produto\/luva-nbr-pro-ca-45-128\/","title":{"rendered":"Luva Nitr\u00edlica Banho Total Preta"},"content":{"rendered":"\n<p class=\"has-black-color has-text-color has-small-font-size\"><strong>DESCRI\u00c7\u00c3O COMPLETA <\/strong><\/p>\n\n\n\n<p class=\"has-small-font-size\">Luva de seguran\u00e7a confeccionada em fios de poliamida (nylon), sem costura, revestimento na palma, face palmar e dorso at\u00e9 a parte do punho (revestimento total) em borracha nitr\u00edlica, formato anat\u00f4mico, acabamento do punho em overloque.<\/p>\n\n\n\n<p class=\"has-black-color has-text-color has-small-font-size\"><strong>CA: 45.128<br><\/strong><\/p>\n\n\n\n<p class=\"has-black-color has-text-color has-small-font-size\"><strong>INDICA\u00c7\u00c3O<\/strong><\/p>\n\n\n\n<p class=\"has-small-font-size\">Indicada para trabalhos de precis\u00e3o, leves e m\u00e9dios, com necessidade de moderada a alta sensibilidade t\u00e1til, elasticidade e flexibilidade de movimentos, realizadas em ambientes secos e \u00famidos, sob temperatura ambiente. Para prote\u00e7\u00e3o contra pequenas e m\u00e9dias agress\u00f5es, com riscos mec\u00e2nicos (abras\u00e3o, corte, rasgamento e perfura\u00e7\u00e3o). Em opera\u00e7\u00f5es onde haja necessidade de manusear materiais e produtos impregnados ou n\u00e3o com \u00f3leos ou graxas.<\/p>\n\n\n\n<p class=\"has-small-font-size\"><\/p>\n","protected":false},"excerpt":{"rendered":"<p>CA: 45.128<\/p>\n","protected":false},"featured_media":953,"comment_status":"open","ping_status":"closed","template":"","meta":[],"product_brand":[],"product_cat":[18],"product_tag":[],"class_list":{"0":"post-393","1":"product","2":"type-product","3":"status-publish","4":"has-post-thumbnail","6":"product_cat-protecao-para-maos","8":"first","9":"instock","10":"shipping-taxable","11":"product-type-simple"},"_links":{"self":[{"href":"https:\/\/jotakaele.com.br\/index.php\/wp-json\/wp\/v2\/product\/393","targetHints":{"allow":["GET"]}}],"collection":[{"href":"https:\/\/jotakaele.com.br\/index.php\/wp-json\/wp\/v2\/product"}],"about":[{"href":"https:\/\/jotakaele.com.br\/index.php\/wp-json\/wp\/v2\/types\/product"}],"replies":[{"embeddable":true,"href":"https:\/\/jotakaele.com.br\/index.php\/wp-json\/wp\/v2\/comments?post=393"}],"wp:featuredmedia":[{"embeddable":true,"href":"https:\/\/jotakaele.com.br\/index.php\/wp-json\/wp\/v2\/media\/953"}],"wp:attachment":[{"href":"https:\/\/jotakaele.com.br\/index.php\/wp-json\/wp\/v2\/media?parent=393"}],"wp:term":[{"taxonomy":"product_brand","embeddable":true,"href":"https:\/\/jotakaele.com.br\/index.php\/wp-json\/wp\/v2\/product_brand?post=393"},{"taxonomy":"product_cat","embeddable":true,"href":"https:\/\/jotakaele.com.br\/index.php\/wp-json\/wp\/v2\/product_cat?post=393"},{"taxonomy":"product_tag","embeddable":true,"href":"https:\/\/jotakaele.com.br\/index.php\/wp-json\/wp\/v2\/product_tag?post=393"}],"curies":[{"name":"wp","href":"https:\/\/api.w.org\/{rel}","templated":true}]}}