{"id":387,"date":"2023-09-18T17:09:18","date_gmt":"2023-09-18T20:09:18","guid":{"rendered":"https:\/\/jotakaele.com.br\/?post_type=product&#038;p=387"},"modified":"2023-09-27T14:55:47","modified_gmt":"2023-09-27T17:55:47","slug":"luva-pvc-ca-34-570","status":"publish","type":"product","link":"https:\/\/jotakaele.com.br\/index.php\/produto\/luva-pvc-ca-34-570\/","title":{"rendered":"Luva de PVC Forrada Palma \u00c1spera &#8211; Verde"},"content":{"rendered":"\n<p class=\"has-black-color has-text-color has-small-font-size\"><strong>DESCRI\u00c7\u00c3O COMPLETA<\/strong><\/p>\n\n\n\n<p class=\"has-small-font-size\">Luva de seguran\u00e7a confeccionada em PVC com forro de algod\u00e3o, com palma \u00e1spera. Comprimento de punhos 25 cm, 35 cm.<\/p>\n\n\n\n<p class=\"has-black-color has-text-color has-small-font-size\"><strong>CA: 34.570<\/strong><\/p>\n\n\n\n<p class=\"has-black-color has-text-color has-small-font-size\"><strong>INDICA\u00c7\u00c3O<\/strong><\/p>\n\n\n\n<p class=\"has-small-font-size\">Ideal para ser usada em&nbsp;manuseio de agentes mec\u00e2nicos e qu\u00edmicos,&nbsp;no manuseio de pe\u00e7as&nbsp;abrasivas, sua aplica\u00e7\u00e3o antideslizante&nbsp;nas palmas das m\u00e3os evita que os objetos manuseados deslizem com facilidade.<\/p>\n","protected":false},"excerpt":{"rendered":"<p>CA: 34.570<\/p>\n","protected":false},"featured_media":956,"comment_status":"open","ping_status":"closed","template":"","meta":[],"product_brand":[],"product_cat":[18],"product_tag":[],"class_list":{"0":"post-387","1":"product","2":"type-product","3":"status-publish","4":"has-post-thumbnail","6":"product_cat-protecao-para-maos","8":"first","9":"instock","10":"shipping-taxable","11":"product-type-simple"},"_links":{"self":[{"href":"https:\/\/jotakaele.com.br\/index.php\/wp-json\/wp\/v2\/product\/387","targetHints":{"allow":["GET"]}}],"collection":[{"href":"https:\/\/jotakaele.com.br\/index.php\/wp-json\/wp\/v2\/product"}],"about":[{"href":"https:\/\/jotakaele.com.br\/index.php\/wp-json\/wp\/v2\/types\/product"}],"replies":[{"embeddable":true,"href":"https:\/\/jotakaele.com.br\/index.php\/wp-json\/wp\/v2\/comments?post=387"}],"wp:featuredmedia":[{"embeddable":true,"href":"https:\/\/jotakaele.com.br\/index.php\/wp-json\/wp\/v2\/media\/956"}],"wp:attachment":[{"href":"https:\/\/jotakaele.com.br\/index.php\/wp-json\/wp\/v2\/media?parent=387"}],"wp:term":[{"taxonomy":"product_brand","embeddable":true,"href":"https:\/\/jotakaele.com.br\/index.php\/wp-json\/wp\/v2\/product_brand?post=387"},{"taxonomy":"product_cat","embeddable":true,"href":"https:\/\/jotakaele.com.br\/index.php\/wp-json\/wp\/v2\/product_cat?post=387"},{"taxonomy":"product_tag","embeddable":true,"href":"https:\/\/jotakaele.com.br\/index.php\/wp-json\/wp\/v2\/product_tag?post=387"}],"curies":[{"name":"wp","href":"https:\/\/api.w.org\/{rel}","templated":true}]}}