{"id":379,"date":"2023-09-18T16:42:40","date_gmt":"2023-09-18T19:42:40","guid":{"rendered":"https:\/\/jotakaele.com.br\/?post_type=product&#038;p=379"},"modified":"2023-09-27T14:56:30","modified_gmt":"2023-09-27T17:56:30","slug":"luva-nitrilica-ka-10-ca-11-769","status":"publish","type":"product","link":"https:\/\/jotakaele.com.br\/index.php\/produto\/luva-nitrilica-ka-10-ca-11-769\/","title":{"rendered":"Luva Nitr\u00edlica com Forro Verde Nitrili-Ka 10"},"content":{"rendered":"\n<p class=\"has-black-color has-text-color has-small-font-size\"><br><strong>DESCRI\u00c7\u00c3O COMPLETA<\/strong><\/p>\n\n\n\n<p class=\"has-small-font-size\">Luva de seguran\u00e7a confeccionada em l\u00e1tex nitr\u00edlico, forrada internamente com flocos de algod\u00e3o, antiderrapante na palma, face palmar dos dedos e extremidade dos dedos.<\/p>\n\n\n\n<p class=\"has-black-color has-text-color has-small-font-size\"><strong>CA: 11.769<\/strong><\/p>\n\n\n\n<p class=\"has-black-color has-text-color has-small-font-size\"><strong>INDICA\u00c7\u00c3O<\/strong><\/p>\n\n\n\n<p class=\"has-small-font-size\">Esta luva se destina a diversas atividades profissionais que requer do usu\u00e1rio tato e destreza no manuseio.<br>S\u00e3o aprovadas para prote\u00e7\u00e3o das m\u00e3os do usu\u00e1rio contra agentes abrasivos, escoriantes, cortantes e perfurantes e contra agentes qu\u00edmicos.<\/p>\n","protected":false},"excerpt":{"rendered":"<p>CA: 11.769<\/p>\n","protected":false},"featured_media":959,"comment_status":"open","ping_status":"closed","template":"","meta":[],"product_brand":[],"product_cat":[18],"product_tag":[],"class_list":{"0":"post-379","1":"product","2":"type-product","3":"status-publish","4":"has-post-thumbnail","6":"product_cat-protecao-para-maos","8":"first","9":"instock","10":"shipping-taxable","11":"product-type-simple"},"_links":{"self":[{"href":"https:\/\/jotakaele.com.br\/index.php\/wp-json\/wp\/v2\/product\/379","targetHints":{"allow":["GET"]}}],"collection":[{"href":"https:\/\/jotakaele.com.br\/index.php\/wp-json\/wp\/v2\/product"}],"about":[{"href":"https:\/\/jotakaele.com.br\/index.php\/wp-json\/wp\/v2\/types\/product"}],"replies":[{"embeddable":true,"href":"https:\/\/jotakaele.com.br\/index.php\/wp-json\/wp\/v2\/comments?post=379"}],"wp:featuredmedia":[{"embeddable":true,"href":"https:\/\/jotakaele.com.br\/index.php\/wp-json\/wp\/v2\/media\/959"}],"wp:attachment":[{"href":"https:\/\/jotakaele.com.br\/index.php\/wp-json\/wp\/v2\/media?parent=379"}],"wp:term":[{"taxonomy":"product_brand","embeddable":true,"href":"https:\/\/jotakaele.com.br\/index.php\/wp-json\/wp\/v2\/product_brand?post=379"},{"taxonomy":"product_cat","embeddable":true,"href":"https:\/\/jotakaele.com.br\/index.php\/wp-json\/wp\/v2\/product_cat?post=379"},{"taxonomy":"product_tag","embeddable":true,"href":"https:\/\/jotakaele.com.br\/index.php\/wp-json\/wp\/v2\/product_tag?post=379"}],"curies":[{"name":"wp","href":"https:\/\/api.w.org\/{rel}","templated":true}]}}