{"id":377,"date":"2023-09-18T16:37:37","date_gmt":"2023-09-18T19:37:37","guid":{"rendered":"https:\/\/jotakaele.com.br\/?post_type=product&#038;p=377"},"modified":"2023-09-27T14:59:19","modified_gmt":"2023-09-27T17:59:19","slug":"luva-nitrilica-ca-ca-12-598","status":"publish","type":"product","link":"https:\/\/jotakaele.com.br\/index.php\/produto\/luva-nitrilica-ca-ca-12-598\/","title":{"rendered":"Luva Borracha Nitr\u00edlica Ansell Solvex"},"content":{"rendered":"\n<p class=\"has-black-color has-text-color has-small-font-size\"><strong>DESCRI\u00c7\u00c3O COMPLETA<\/strong><\/p>\n\n\n\n<p class=\"has-small-font-size\">Luva de seguran\u00e7a confeccionada com cinco dedos, borracha nitr\u00edlica \u201cBorracha Nitr\u00edlica Premium\u201d, grau aliment\u00edcio, espessura de 0,56mm, comprimento de 46cm, sem floco interno de algod\u00e3o, punho com acabamento \u201creto\u201d e palma antiderrapante com acabamento tipo \u201careia\u201d.<\/p>\n\n\n\n<p class=\"has-black-color has-text-color has-small-font-size\"><strong>CA: 12.598<\/strong><\/p>\n\n\n\n<p class=\"has-black-color has-text-color has-small-font-size\"><strong>INDICA\u00c7\u00c3O<\/strong><\/p>\n\n\n\n<ul class=\"wp-block-list\">\n<li class=\"has-small-font-size\">Manuseio de pe\u00e7as de metal pr\u00e9-usinadas<\/li>\n\n\n\n<li class=\"has-small-font-size\">Reparo e manuten\u00e7\u00e3o de equipamentos<\/li>\n\n\n\n<li class=\"has-small-font-size\">Ferramentas ou rob\u00f4s de pintura ou limpeza<\/li>\n\n\n\n<li class=\"has-small-font-size\">Substitui\u00e7\u00e3o de ferramentas e moldes<\/li>\n\n\n\n<li class=\"has-small-font-size\">Manuseio de mercadorias recebidas<\/li>\n\n\n\n<li class=\"has-small-font-size\">Enchimento, mistura e carga de mat\u00e9rias-primas<\/li>\n\n\n\n<li class=\"has-small-font-size\">Abertura\/esvaziamento de bombas, v\u00e1lvulas ou linhas<\/li>\n\n\n\n<li class=\"has-small-font-size\">Carga e descarga de equipamentos de processo<\/li>\n\n\n\n<li class=\"has-small-font-size\">Transfer\u00eancia de l\u00edquidos e s\u00f3lidos entre reservat\u00f3rios e dep\u00f3sitos<\/li>\n\n\n\n<li class=\"has-small-font-size\">Supervis\u00e3o das opera\u00e7\u00f5es em curso<\/li>\n\n\n\n<li class=\"has-small-font-size\">Manuseio de mercadorias: latas, recipientes, embalagens a granel e caixas<\/li>\n\n\n\n<li class=\"has-small-font-size\">Testes<\/li>\n\n\n\n<li class=\"has-small-font-size\">Abertura de fornalhas, escoamento de bombas, v\u00e1lvulas ou linhas e craqueadores<\/li>\n<\/ul>\n","protected":false},"excerpt":{"rendered":"<p>CA: 12.598<\/p>\n","protected":false},"featured_media":961,"comment_status":"open","ping_status":"closed","template":"","meta":[],"product_brand":[],"product_cat":[18],"product_tag":[],"class_list":{"0":"post-377","1":"product","2":"type-product","3":"status-publish","4":"has-post-thumbnail","6":"product_cat-protecao-para-maos","8":"first","9":"instock","10":"shipping-taxable","11":"product-type-simple"},"_links":{"self":[{"href":"https:\/\/jotakaele.com.br\/index.php\/wp-json\/wp\/v2\/product\/377","targetHints":{"allow":["GET"]}}],"collection":[{"href":"https:\/\/jotakaele.com.br\/index.php\/wp-json\/wp\/v2\/product"}],"about":[{"href":"https:\/\/jotakaele.com.br\/index.php\/wp-json\/wp\/v2\/types\/product"}],"replies":[{"embeddable":true,"href":"https:\/\/jotakaele.com.br\/index.php\/wp-json\/wp\/v2\/comments?post=377"}],"wp:featuredmedia":[{"embeddable":true,"href":"https:\/\/jotakaele.com.br\/index.php\/wp-json\/wp\/v2\/media\/961"}],"wp:attachment":[{"href":"https:\/\/jotakaele.com.br\/index.php\/wp-json\/wp\/v2\/media?parent=377"}],"wp:term":[{"taxonomy":"product_brand","embeddable":true,"href":"https:\/\/jotakaele.com.br\/index.php\/wp-json\/wp\/v2\/product_brand?post=377"},{"taxonomy":"product_cat","embeddable":true,"href":"https:\/\/jotakaele.com.br\/index.php\/wp-json\/wp\/v2\/product_cat?post=377"},{"taxonomy":"product_tag","embeddable":true,"href":"https:\/\/jotakaele.com.br\/index.php\/wp-json\/wp\/v2\/product_tag?post=377"}],"curies":[{"name":"wp","href":"https:\/\/api.w.org\/{rel}","templated":true}]}}