{"id":143,"date":"2023-08-29T22:16:16","date_gmt":"2023-08-30T01:16:16","guid":{"rendered":"https:\/\/jotakaele.com.br\/?post_type=product&#038;p=143"},"modified":"2023-09-27T14:56:44","modified_gmt":"2023-09-27T17:56:44","slug":"luva-mapa","status":"publish","type":"product","link":"https:\/\/jotakaele.com.br\/index.php\/produto\/luva-mapa\/","title":{"rendered":"Luva Nitr\u00edlica 480 Cano Longo Sem Forro Mapa"},"content":{"rendered":"\n<p class=\"has-black-color has-text-color has-small-font-size\"><strong><br>DESCRI\u00c7\u00c3O COMPLETA<\/strong><\/p>\n\n\n\n<p class=\"has-small-font-size\">Luva de seguran\u00e7a confeccionadas em acrilonitrila carboxilada (l\u00e1tex nitr\u00edlico) sem revestimento interno, antiderrapante na palma, dedos e dorso.<\/p>\n\n\n\n<p class=\"has-black-color has-text-color has-small-font-size\"><strong>CA: 31.369<br><\/strong><br><\/p>\n\n\n\n<p class=\"has-black-color has-text-color has-small-font-size\"><strong>INDICA\u00c7\u00c3O <\/strong><\/p>\n\n\n\n<p class=\"has-small-font-size\">Ideal para o contato com solventes, objetos abrasivos e perfurantes. Interior liso, acabamento clorinado e palma antiderrapante em alto relevo.<\/p>\n","protected":false},"excerpt":{"rendered":"<p>CA: 31.369<\/p>\n","protected":false},"featured_media":963,"comment_status":"open","ping_status":"closed","template":"","meta":[],"product_brand":[],"product_cat":[18],"product_tag":[],"class_list":{"0":"post-143","1":"product","2":"type-product","3":"status-publish","4":"has-post-thumbnail","6":"product_cat-protecao-para-maos","8":"first","9":"instock","10":"shipping-taxable","11":"product-type-simple"},"_links":{"self":[{"href":"https:\/\/jotakaele.com.br\/index.php\/wp-json\/wp\/v2\/product\/143","targetHints":{"allow":["GET"]}}],"collection":[{"href":"https:\/\/jotakaele.com.br\/index.php\/wp-json\/wp\/v2\/product"}],"about":[{"href":"https:\/\/jotakaele.com.br\/index.php\/wp-json\/wp\/v2\/types\/product"}],"replies":[{"embeddable":true,"href":"https:\/\/jotakaele.com.br\/index.php\/wp-json\/wp\/v2\/comments?post=143"}],"wp:featuredmedia":[{"embeddable":true,"href":"https:\/\/jotakaele.com.br\/index.php\/wp-json\/wp\/v2\/media\/963"}],"wp:attachment":[{"href":"https:\/\/jotakaele.com.br\/index.php\/wp-json\/wp\/v2\/media?parent=143"}],"wp:term":[{"taxonomy":"product_brand","embeddable":true,"href":"https:\/\/jotakaele.com.br\/index.php\/wp-json\/wp\/v2\/product_brand?post=143"},{"taxonomy":"product_cat","embeddable":true,"href":"https:\/\/jotakaele.com.br\/index.php\/wp-json\/wp\/v2\/product_cat?post=143"},{"taxonomy":"product_tag","embeddable":true,"href":"https:\/\/jotakaele.com.br\/index.php\/wp-json\/wp\/v2\/product_tag?post=143"}],"curies":[{"name":"wp","href":"https:\/\/api.w.org\/{rel}","templated":true}]}}