{"id":1125,"date":"2023-09-23T10:01:55","date_gmt":"2023-09-23T13:01:55","guid":{"rendered":"https:\/\/jotakaele.com.br\/?post_type=product&#038;p=1125"},"modified":"2023-09-28T15:34:23","modified_gmt":"2023-09-28T18:34:23","slug":"cinto-ergonomico","status":"publish","type":"product","link":"https:\/\/jotakaele.com.br\/index.php\/produto\/cinto-ergonomico\/","title":{"rendered":"Cinto Ergon\u00f4mico"},"content":{"rendered":"\n<p class=\"has-black-color has-text-color has-small-font-size\"><strong>DESCRI\u00c7\u00c3O COMPLETA<\/strong><\/p>\n\n\n\n<p><\/p>\n\n\n\n<p class=\"has-text-align-left has-white-color has-text-color has-small-font-size\">A cinta ergon\u00f4mica&nbsp;\u00e9 uma vestimenta usada na base da coluna vertebral (lombar) do trabalhador, de forma a proteger essa regi\u00e3o. Ela deve ser usada por profissionais que trabalham com o levantamento ou carregamento de peso, atividades nas quais os m\u00fasculos e ossos dessa regi\u00e3o ficam sobrecarregados.<\/p>\n","protected":false},"excerpt":{"rendered":"<p>DESCRI\u00c7\u00c3O COMPLETA A cinta ergon\u00f4mica&nbsp;\u00e9 uma vestimenta usada na base da coluna vertebral (lombar) do trabalhador, de forma a proteger essa regi\u00e3o. Ela deve ser usada por profissionais que trabalham com o levantamento ou carregamento de peso, atividades nas quais os m\u00fasculos e ossos dessa regi\u00e3o ficam sobrecarregados.<\/p>\n","protected":false},"featured_media":1126,"comment_status":"open","ping_status":"closed","template":"","meta":[],"product_brand":[],"product_cat":[20],"product_tag":[],"class_list":{"0":"post-1125","1":"product","2":"type-product","3":"status-publish","4":"has-post-thumbnail","6":"product_cat-protecao-corporal","8":"first","9":"instock","10":"shipping-taxable","11":"product-type-simple"},"_links":{"self":[{"href":"https:\/\/jotakaele.com.br\/index.php\/wp-json\/wp\/v2\/product\/1125","targetHints":{"allow":["GET"]}}],"collection":[{"href":"https:\/\/jotakaele.com.br\/index.php\/wp-json\/wp\/v2\/product"}],"about":[{"href":"https:\/\/jotakaele.com.br\/index.php\/wp-json\/wp\/v2\/types\/product"}],"replies":[{"embeddable":true,"href":"https:\/\/jotakaele.com.br\/index.php\/wp-json\/wp\/v2\/comments?post=1125"}],"wp:featuredmedia":[{"embeddable":true,"href":"https:\/\/jotakaele.com.br\/index.php\/wp-json\/wp\/v2\/media\/1126"}],"wp:attachment":[{"href":"https:\/\/jotakaele.com.br\/index.php\/wp-json\/wp\/v2\/media?parent=1125"}],"wp:term":[{"taxonomy":"product_brand","embeddable":true,"href":"https:\/\/jotakaele.com.br\/index.php\/wp-json\/wp\/v2\/product_brand?post=1125"},{"taxonomy":"product_cat","embeddable":true,"href":"https:\/\/jotakaele.com.br\/index.php\/wp-json\/wp\/v2\/product_cat?post=1125"},{"taxonomy":"product_tag","embeddable":true,"href":"https:\/\/jotakaele.com.br\/index.php\/wp-json\/wp\/v2\/product_tag?post=1125"}],"curies":[{"name":"wp","href":"https:\/\/api.w.org\/{rel}","templated":true}]}}