{"id":1082,"date":"2023-09-22T17:47:16","date_gmt":"2023-09-22T20:47:16","guid":{"rendered":"https:\/\/jotakaele.com.br\/?post_type=product&#038;p=1082"},"modified":"2023-09-27T16:27:14","modified_gmt":"2023-09-27T19:27:14","slug":"adesivo-laranja-onu-rotulos-de-risco","status":"publish","type":"product","link":"https:\/\/jotakaele.com.br\/index.php\/produto\/adesivo-laranja-onu-rotulos-de-risco\/","title":{"rendered":"Adesivo Laranja Onu\/ R\u00f3tulos de Risco"},"content":{"rendered":"\n<p class=\"has-black-color has-text-color has-small-font-size\"><strong>DESCRI\u00c7\u00c3O COMPLETA<\/strong><\/p>\n\n\n\n<p><\/p>\n\n\n\n<p class=\"has-white-color has-text-color has-small-font-size\">Adesivos para placas de PVC.<br>Numerologia ONU <br>R\u00f3tulos de Risco<\/p>\n\n\n\n<p class=\"has-black-color has-text-color has-small-font-size\"><br><br><strong><em>*Consultar estoque dispon\u00edvel*<\/em><\/strong><\/p>\n","protected":false},"excerpt":{"rendered":"<p>DESCRI\u00c7\u00c3O COMPLETA Adesivos para placas de PVC.Numerologia ONU R\u00f3tulos de Risco *Consultar estoque dispon\u00edvel*<\/p>\n","protected":false},"featured_media":1083,"comment_status":"open","ping_status":"closed","template":"","meta":[],"product_brand":[],"product_cat":[30],"product_tag":[],"class_list":{"0":"post-1082","1":"product","2":"type-product","3":"status-publish","4":"has-post-thumbnail","6":"product_cat-adeivo","8":"first","9":"instock","10":"shipping-taxable","11":"product-type-simple"},"_links":{"self":[{"href":"https:\/\/jotakaele.com.br\/index.php\/wp-json\/wp\/v2\/product\/1082","targetHints":{"allow":["GET"]}}],"collection":[{"href":"https:\/\/jotakaele.com.br\/index.php\/wp-json\/wp\/v2\/product"}],"about":[{"href":"https:\/\/jotakaele.com.br\/index.php\/wp-json\/wp\/v2\/types\/product"}],"replies":[{"embeddable":true,"href":"https:\/\/jotakaele.com.br\/index.php\/wp-json\/wp\/v2\/comments?post=1082"}],"wp:featuredmedia":[{"embeddable":true,"href":"https:\/\/jotakaele.com.br\/index.php\/wp-json\/wp\/v2\/media\/1083"}],"wp:attachment":[{"href":"https:\/\/jotakaele.com.br\/index.php\/wp-json\/wp\/v2\/media?parent=1082"}],"wp:term":[{"taxonomy":"product_brand","embeddable":true,"href":"https:\/\/jotakaele.com.br\/index.php\/wp-json\/wp\/v2\/product_brand?post=1082"},{"taxonomy":"product_cat","embeddable":true,"href":"https:\/\/jotakaele.com.br\/index.php\/wp-json\/wp\/v2\/product_cat?post=1082"},{"taxonomy":"product_tag","embeddable":true,"href":"https:\/\/jotakaele.com.br\/index.php\/wp-json\/wp\/v2\/product_tag?post=1082"}],"curies":[{"name":"wp","href":"https:\/\/api.w.org\/{rel}","templated":true}]}}