{"id":16,"date":"2023-07-20T09:16:30","date_gmt":"2023-07-20T12:16:30","guid":{"rendered":"https:\/\/jotakaele.com.br\/?page_id=16"},"modified":"2023-10-17T09:35:56","modified_gmt":"2023-10-17T12:35:56","slug":"sobre-nos","status":"publish","type":"page","link":"https:\/\/jotakaele.com.br\/index.php\/sobre-nos\/","title":{"rendered":"Sobre N\u00f3s"},"content":{"rendered":"\t\t<div data-elementor-type=\"wp-page\" data-elementor-id=\"16\" class=\"elementor elementor-16\" data-elementor-post-type=\"page\">\n\t\t\t\t<div class=\"elementor-element elementor-element-5c3f0fe elementor-hidden-tablet elementor-hidden-mobile e-flex e-con-boxed e-con e-parent\" data-id=\"5c3f0fe\" data-element_type=\"container\" data-e-type=\"container\">\n\t\t\t\t\t<div class=\"e-con-inner\">\n\t\t\t\t<div class=\"elementor-element elementor-element-0b56411 elementor-widget elementor-widget-text-editor\" data-id=\"0b56411\" data-element_type=\"widget\" data-e-type=\"widget\" data-widget_type=\"text-editor.default\">\n\t\t\t\t\t\t\t\t\t<p>Bem-vindo \u00e0 JOTAKAELE EQUIPAMENTOS DE SEGURAN\u00c7A LTDA. Com mais de duas d\u00e9cadas de dedica\u00e7\u00e3o \u00e0 seguran\u00e7a no trabalho e ao transporte de cargas perigosas, somos uma refer\u00eancia confi\u00e1vel no mercado. Nossa miss\u00e3o \u00e9 fornecer produtos de alta qualidade que protejam vidas e bens, tornando o ambiente de trabalho mais seguro e eficiente.<\/p>\t\t\t\t\t\t\t\t<\/div>\n\t\t\t\t\t<\/div>\n\t\t\t\t<\/div>\n\t\t<div class=\"elementor-element elementor-element-e7d9b0d elementor-hidden-desktop e-flex e-con-boxed e-con e-parent\" data-id=\"e7d9b0d\" data-element_type=\"container\" data-e-type=\"container\">\n\t\t\t\t\t<div class=\"e-con-inner\">\n\t\t\t\t<div class=\"elementor-element elementor-element-2134adf elementor-widget elementor-widget-text-editor\" data-id=\"2134adf\" data-element_type=\"widget\" data-e-type=\"widget\" data-widget_type=\"text-editor.default\">\n\t\t\t\t\t\t\t\t\t<p>Bem-vindo \u00e0 JOTAKAELE EQUIPAMENTOS DE SEGURAN\u00c7A LTDA. Com mais de duas d\u00e9cadas de dedica\u00e7\u00e3o \u00e0 seguran\u00e7a no trabalho e ao transporte de cargas perigosas, somos uma refer\u00eancia confi\u00e1vel no mercado. Nossa miss\u00e3o \u00e9 fornecer produtos de alta qualidade que protejam vidas e bens, tornando o ambiente de trabalho mais seguro e eficiente.<\/p>\t\t\t\t\t\t\t\t<\/div>\n\t\t\t\t\t<\/div>\n\t\t\t\t<\/div>\n\t\t<div class=\"elementor-element elementor-element-498243c e-flex e-con-boxed e-con e-parent\" data-id=\"498243c\" data-element_type=\"container\" data-e-type=\"container\" data-settings=\"{&quot;background_background&quot;:&quot;classic&quot;}\">\n\t\t\t\t\t<div class=\"e-con-inner\">\n\t\t<div class=\"elementor-element elementor-element-5f6062f e-con-full e-flex e-con e-child\" data-id=\"5f6062f\" data-element_type=\"container\" data-e-type=\"container\">\n\t\t\t\t<div class=\"elementor-element elementor-element-33a42f5 elementor-widget elementor-widget-image\" data-id=\"33a42f5\" data-element_type=\"widget\" data-e-type=\"widget\" data-widget_type=\"image.default\">\n\t\t\t\t\t\t\t\t\t\t\t\t\t\t\t<img fetchpriority=\"high\" decoding=\"async\" width=\"800\" height=\"800\" src=\"https:\/\/jotakaele.com.br\/wp-content\/uploads\/2023\/10\/jotakaele-e-sua-historia-1080-x-1080-px-1024x1024.png\" class=\"attachment-large size-large wp-image-1519\" alt=\"\" srcset=\"https:\/\/jotakaele.com.br\/wp-content\/uploads\/2023\/10\/jotakaele-e-sua-historia-1080-x-1080-px-1024x1024.png 1024w, https:\/\/jotakaele.com.br\/wp-content\/uploads\/2023\/10\/jotakaele-e-sua-historia-1080-x-1080-px-300x300.png 300w, https:\/\/jotakaele.com.br\/wp-content\/uploads\/2023\/10\/jotakaele-e-sua-historia-1080-x-1080-px-150x150.png 150w, https:\/\/jotakaele.com.br\/wp-content\/uploads\/2023\/10\/jotakaele-e-sua-historia-1080-x-1080-px-768x768.png 768w, https:\/\/jotakaele.com.br\/wp-content\/uploads\/2023\/10\/jotakaele-e-sua-historia-1080-x-1080-px-600x600.png 600w, https:\/\/jotakaele.com.br\/wp-content\/uploads\/2023\/10\/jotakaele-e-sua-historia-1080-x-1080-px-100x100.png 100w, https:\/\/jotakaele.com.br\/wp-content\/uploads\/2023\/10\/jotakaele-e-sua-historia-1080-x-1080-px.png 1080w\" sizes=\"(max-width: 800px) 100vw, 800px\" \/>\t\t\t\t\t\t\t\t\t\t\t\t\t\t\t<\/div>\n\t\t\t\t<\/div>\n\t\t<div class=\"elementor-element elementor-element-11e5700 e-con-full e-flex e-con e-child\" data-id=\"11e5700\" data-element_type=\"container\" data-e-type=\"container\">\n\t\t\t\t<div class=\"elementor-element elementor-element-2d788dd elementor-hidden-tablet elementor-hidden-mobile elementor-widget elementor-widget-text-editor\" data-id=\"2d788dd\" data-element_type=\"widget\" data-e-type=\"widget\" data-widget_type=\"text-editor.default\">\n\t\t\t\t\t\t\t\t\t<p><span>Fundada em 2003, nossa empresa tem uma hist\u00f3ria rica e s\u00f3lida. <\/span><span>Ao longo dos anos, evolu\u00edmos e aprimoramos continuamente nossos produtos para atender \u00e0s necessidades crescentes de nossos clientes. <\/span><span>Hoje, temos orgulho de sermos reconhecidos como l\u00edderes no fornecimento de equipamentos de seguran\u00e7a industrial e produtos para o transporte de cargas perigosas.<\/span><\/p>\t\t\t\t\t\t\t\t<\/div>\n\t\t\t\t<div class=\"elementor-element elementor-element-65baf93 elementor-hidden-desktop elementor-widget elementor-widget-text-editor\" data-id=\"65baf93\" data-element_type=\"widget\" data-e-type=\"widget\" data-widget_type=\"text-editor.default\">\n\t\t\t\t\t\t\t\t\t<p><span>Fundada em 2003, nossa empresa tem uma hist\u00f3ria rica e s\u00f3lida. <\/span><span>Ao longo dos anos, evolu\u00edmos e aprimoramos continuamente nossos produtos para atender \u00e0s necessidades crescentes de nossos clientes. <\/span><span>Hoje, temos orgulho de sermos reconhecidos como l\u00edderes no fornecimento de equipamentos de seguran\u00e7a industrial e produtos para o transporte de cargas perigosas.<\/span><\/p>\t\t\t\t\t\t\t\t<\/div>\n\t\t\t\t<\/div>\n\t\t\t\t\t<\/div>\n\t\t\t\t<\/div>\n\t\t<div class=\"elementor-element elementor-element-d203e02 e-flex e-con-boxed e-con e-parent\" data-id=\"d203e02\" data-element_type=\"container\" data-e-type=\"container\">\n\t\t\t\t\t<div class=\"e-con-inner\">\n\t\t<div class=\"elementor-element elementor-element-9414450 e-con-full e-flex e-con e-child\" data-id=\"9414450\" data-element_type=\"container\" data-e-type=\"container\">\n\t\t\t\t<div class=\"elementor-element elementor-element-7e35f7f elementor-hidden-tablet elementor-hidden-mobile elementor-widget elementor-widget-text-editor\" data-id=\"7e35f7f\" data-element_type=\"widget\" data-e-type=\"widget\" data-widget_type=\"text-editor.default\">\n\t\t\t\t\t\t\t\t\t<p>\u00a0<\/p><p>Na JOTAKAELE, a qualidade \u00e9 nossa prioridade n\u00famero um. Oferecemos uma ampla gama de produtos que atendem aos mais rigorosos padr\u00f5es de seguran\u00e7a e regulamenta\u00e7\u00f5es do mercado. De EPIs (Equipamentos de Prote\u00e7\u00e3o Individual) de alta tecnologia a sistemas avan\u00e7ados de conten\u00e7\u00e3o de cargas perigosas, nossos produtos s\u00e3o projetados para proteger vidas e propriedades.<\/p>\t\t\t\t\t\t\t\t<\/div>\n\t\t\t\t<div class=\"elementor-element elementor-element-22ea45d elementor-hidden-desktop elementor-widget elementor-widget-text-editor\" data-id=\"22ea45d\" data-element_type=\"widget\" data-e-type=\"widget\" data-widget_type=\"text-editor.default\">\n\t\t\t\t\t\t\t\t\t<p>\u00a0<\/p><p>Na JOTAKAELE, a qualidade \u00e9 nossa prioridade n\u00famero um. Oferecemos uma ampla gama de produtos que atendem aos mais rigorosos padr\u00f5es de seguran\u00e7a e regulamenta\u00e7\u00f5es do mercado. De EPIs (Equipamentos de Prote\u00e7\u00e3o Individual) de alta tecnologia a sistemas avan\u00e7ados de conten\u00e7\u00e3o de cargas perigosas, nossos produtos s\u00e3o projetados para proteger vidas e propriedades.<\/p>\t\t\t\t\t\t\t\t<\/div>\n\t\t\t\t<\/div>\n\t\t<div class=\"elementor-element elementor-element-0e135ea e-con-full e-flex e-con e-child\" data-id=\"0e135ea\" data-element_type=\"container\" data-e-type=\"container\">\n\t\t\t\t<div class=\"elementor-element elementor-element-b73036d elementor-widget__width-initial elementor-hidden-tablet elementor-hidden-mobile elementor-widget elementor-widget-image\" data-id=\"b73036d\" data-element_type=\"widget\" data-e-type=\"widget\" data-widget_type=\"image.default\">\n\t\t\t\t\t\t\t\t\t\t\t\t\t\t\t<img decoding=\"async\" src=\"https:\/\/jotakaele.com.br\/wp-content\/uploads\/elementor\/thumbs\/Produtos-jotakaele-qdo7fo7evylj8w5s7p14lcnnm2uah3ytrg07vpl9a8.png\" title=\"Produtos jotakaele\" alt=\"Produtos jotakaele\" loading=\"lazy\" \/>\t\t\t\t\t\t\t\t\t\t\t\t\t\t\t<\/div>\n\t\t\t\t<div class=\"elementor-element elementor-element-20a23cd elementor-widget__width-initial elementor-hidden-desktop elementor-widget elementor-widget-image\" data-id=\"20a23cd\" data-element_type=\"widget\" data-e-type=\"widget\" data-widget_type=\"image.default\">\n\t\t\t\t\t\t\t\t\t\t\t\t\t\t\t<img decoding=\"async\" src=\"https:\/\/jotakaele.com.br\/wp-content\/uploads\/elementor\/thumbs\/Produtos-jotakaele-qdo7fo7evylj8w5s7p14lcnnm2uah3ytrg07vpl9a8.png\" title=\"Produtos jotakaele\" alt=\"Produtos jotakaele\" loading=\"lazy\" \/>\t\t\t\t\t\t\t\t\t\t\t\t\t\t\t<\/div>\n\t\t\t\t<\/div>\n\t\t\t\t\t<\/div>\n\t\t\t\t<\/div>\n\t\t<div class=\"elementor-element elementor-element-ac6efd4 elementor-hidden-tablet elementor-hidden-mobile e-flex e-con-boxed e-con e-parent\" data-id=\"ac6efd4\" data-element_type=\"container\" data-e-type=\"container\">\n\t\t\t\t\t<div class=\"e-con-inner\">\n\t\t<div class=\"elementor-element elementor-element-1faec06 e-con-full e-flex e-con e-child\" data-id=\"1faec06\" data-element_type=\"container\" data-e-type=\"container\">\n\t\t\t\t<div class=\"elementor-element elementor-element-06afa35 elementor-widget__width-initial elementor-widget elementor-widget-image\" data-id=\"06afa35\" data-element_type=\"widget\" data-e-type=\"widget\" data-widget_type=\"image.default\">\n\t\t\t\t\t\t\t\t\t\t\t\t\t\t\t<img decoding=\"async\" src=\"https:\/\/jotakaele.com.br\/wp-content\/uploads\/elementor\/thumbs\/Banner-2-qdt838l3efhmwvd8yeb7xp6c09lb1lo9l3w7wkorwg.png\" title=\"Banner 2\" alt=\"Banner 2\" loading=\"lazy\" \/>\t\t\t\t\t\t\t\t\t\t\t\t\t\t\t<\/div>\n\t\t\t\t<\/div>\n\t\t<div class=\"elementor-element elementor-element-3587e33 e-con-full e-flex e-con e-child\" data-id=\"3587e33\" data-element_type=\"container\" data-e-type=\"container\">\n\t\t\t\t<div class=\"elementor-element elementor-element-a35b593 elementor-widget elementor-widget-text-editor\" data-id=\"a35b593\" data-element_type=\"widget\" data-e-type=\"widget\" data-widget_type=\"text-editor.default\">\n\t\t\t\t\t\t\t\t\t<p><span>A seguran\u00e7a \u00e9 fundamental em todas as etapas de nossas opera\u00e7\u00f5es. <\/span><span>Nosso compromisso \u00e9 ajudar empresas e profissionais a criar ambientes de trabalho seguros e garantir que o transporte de cargas perigosas seja realizado com a m\u00e1xima seguran\u00e7a. <\/span><span>Trabalhamos em colabora\u00e7\u00e3o com nossos clientes, fornecendo orienta\u00e7\u00f5es e solu\u00e7\u00f5es personalizadas para atender \u00e0s suas necessidades exclusivas.<\/span><\/p>\t\t\t\t\t\t\t\t<\/div>\n\t\t\t\t<\/div>\n\t\t\t\t\t<\/div>\n\t\t\t\t<\/div>\n\t\t<div class=\"elementor-element elementor-element-9a7e3a7 elementor-hidden-desktop e-flex e-con-boxed e-con e-parent\" data-id=\"9a7e3a7\" data-element_type=\"container\" data-e-type=\"container\">\n\t\t\t\t\t<div class=\"e-con-inner\">\n\t\t<div class=\"elementor-element elementor-element-42dea6b e-con-full e-flex e-con e-child\" data-id=\"42dea6b\" data-element_type=\"container\" data-e-type=\"container\">\n\t\t\t\t<div class=\"elementor-element elementor-element-f05ac25 elementor-widget__width-initial elementor-widget elementor-widget-image\" data-id=\"f05ac25\" data-element_type=\"widget\" data-e-type=\"widget\" data-widget_type=\"image.default\">\n\t\t\t\t\t\t\t\t\t\t\t\t\t\t\t<img decoding=\"async\" src=\"https:\/\/jotakaele.com.br\/wp-content\/uploads\/elementor\/thumbs\/Banner-2-qdt838l3efhmwvd8yeb7xp6c09lb1lo9l3w7wkorwg.png\" title=\"Banner 2\" alt=\"Banner 2\" loading=\"lazy\" \/>\t\t\t\t\t\t\t\t\t\t\t\t\t\t\t<\/div>\n\t\t\t\t<\/div>\n\t\t<div class=\"elementor-element elementor-element-12ea174 e-con-full e-flex e-con e-child\" data-id=\"12ea174\" data-element_type=\"container\" data-e-type=\"container\">\n\t\t\t\t<div class=\"elementor-element elementor-element-0fb3edd elementor-widget elementor-widget-text-editor\" data-id=\"0fb3edd\" data-element_type=\"widget\" data-e-type=\"widget\" data-widget_type=\"text-editor.default\">\n\t\t\t\t\t\t\t\t\t<p><span>A seguran\u00e7a \u00e9 fundamental em todas as etapas de nossas opera\u00e7\u00f5es. <\/span><span>Nosso compromisso \u00e9 ajudar empresas e profissionais a criar ambientes de trabalho seguros e garantir que o transporte de cargas perigosas seja realizado com a m\u00e1xima seguran\u00e7a. <\/span><span>Trabalhamos em colabora\u00e7\u00e3o com nossos clientes, fornecendo orienta\u00e7\u00f5es e solu\u00e7\u00f5es personalizadas para atender \u00e0s suas necessidades exclusivas.<\/span><\/p>\t\t\t\t\t\t\t\t<\/div>\n\t\t\t\t<\/div>\n\t\t\t\t\t<\/div>\n\t\t\t\t<\/div>\n\t\t<div class=\"elementor-element elementor-element-ef7bdeb e-flex e-con-boxed e-con e-parent\" data-id=\"ef7bdeb\" data-element_type=\"container\" data-e-type=\"container\" data-settings=\"{&quot;background_background&quot;:&quot;classic&quot;}\">\n\t\t\t\t\t<div class=\"e-con-inner\">\n\t\t\t\t<div class=\"elementor-element elementor-element-45ff969 elementor-widget__width-initial elementor-widget elementor-widget-text-editor\" data-id=\"45ff969\" data-element_type=\"widget\" data-e-type=\"widget\" data-widget_type=\"text-editor.default\">\n\t\t\t\t\t\t\t\t\t<p><strong>Declara\u00e7\u00e3o de nossa propriet\u00e1ria.<\/strong><\/p><p>A Jotaka\u00e9le nasceu do desejo de fazer mais pelos clientes, mais do que simplesmente vender Epi&#8217;s. O desejo de oferecer um atendimento completo, desde a escolha dos Epi&#8217;s at\u00e9 servi\u00e7os de instala\u00e7\u00e3o e manuten\u00e7\u00e3o de alguns itens no transporte de cargas perigosas. <br \/>Por ter contato com esse ramo desde a d\u00e9cada de 1990, prestei aten\u00e7\u00e3o na crescente evolu\u00e7\u00e3o das necessidades de seguran\u00e7a de trabalho das empresas. Orei a Deus, pedindo sua dire\u00e7\u00e3o, e na permiss\u00e3o do meu PAI, agi. Ap\u00f3s receber autoriza\u00e7\u00e3o, virou uma chave dentro de mim. E a\u00ed com muita coragem, determina\u00e7\u00e3o, f\u00e9 e foco prossegui. E desde ent\u00e3o j\u00e1 se passaram mais de 2 d\u00e9cadas.<br \/>Sempre buscando inova\u00e7\u00e3o no segmento para que o nosso cliente esteja amparado tanto com o material individual e tamb\u00e9m toda a parte emergencial para o transporte de produtos\u00a0perigosos.<\/p>\t\t\t\t\t\t\t\t<\/div>\n\t\t\t\t\t<\/div>\n\t\t\t\t<\/div>\n\t\t<div class=\"elementor-element elementor-element-23b5f1d e-flex e-con-boxed e-con e-parent\" data-id=\"23b5f1d\" data-element_type=\"container\" data-e-type=\"container\">\n\t\t\t\t\t<div class=\"e-con-inner\">\n\t\t\t\t\t<\/div>\n\t\t\t\t<\/div>\n\t\t\t\t<\/div>\n\t\t","protected":false},"excerpt":{"rendered":"<p>Bem-vindo \u00e0 JOTAKAELE EQUIPAMENTOS DE SEGURAN\u00c7A LTDA. Com mais de duas d\u00e9cadas de dedica\u00e7\u00e3o \u00e0 seguran\u00e7a no trabalho e ao transporte de cargas perigosas, somos uma refer\u00eancia confi\u00e1vel no mercado. Nossa miss\u00e3o \u00e9 fornecer produtos de alta qualidade que protejam vidas e bens, tornando o ambiente de trabalho mais seguro e eficiente. Bem-vindo \u00e0 JOTAKAELE [&hellip;]<\/p>\n","protected":false},"author":1,"featured_media":0,"parent":0,"menu_order":0,"comment_status":"closed","ping_status":"closed","template":"","meta":{"footnotes":""},"class_list":["post-16","page","type-page","status-publish","hentry"],"_links":{"self":[{"href":"https:\/\/jotakaele.com.br\/index.php\/wp-json\/wp\/v2\/pages\/16","targetHints":{"allow":["GET"]}}],"collection":[{"href":"https:\/\/jotakaele.com.br\/index.php\/wp-json\/wp\/v2\/pages"}],"about":[{"href":"https:\/\/jotakaele.com.br\/index.php\/wp-json\/wp\/v2\/types\/page"}],"author":[{"embeddable":true,"href":"https:\/\/jotakaele.com.br\/index.php\/wp-json\/wp\/v2\/users\/1"}],"replies":[{"embeddable":true,"href":"https:\/\/jotakaele.com.br\/index.php\/wp-json\/wp\/v2\/comments?post=16"}],"version-history":[{"count":52,"href":"https:\/\/jotakaele.com.br\/index.php\/wp-json\/wp\/v2\/pages\/16\/revisions"}],"predecessor-version":[{"id":1569,"href":"https:\/\/jotakaele.com.br\/index.php\/wp-json\/wp\/v2\/pages\/16\/revisions\/1569"}],"wp:attachment":[{"href":"https:\/\/jotakaele.com.br\/index.php\/wp-json\/wp\/v2\/media?parent=16"}],"curies":[{"name":"wp","href":"https:\/\/api.w.org\/{rel}","templated":true}]}}